{"id":3696,"date":"2022-04-04T07:03:49","date_gmt":"2022-04-04T07:03:49","guid":{"rendered":"https:\/\/udvarhelyiwaldorf.ro\/despre-gradinita\/"},"modified":"2022-10-24T10:13:07","modified_gmt":"2022-10-24T10:13:07","slug":"despre-gradinita","status":"publish","type":"page","link":"https:\/\/udvarhelyiwaldorf.ro\/ro\/despre-gradinita\/","title":{"rendered":"Despre gr\u0103dini\u021b\u0103"},"content":{"rendered":"\t\t<div data-elementor-type=\"wp-page\" data-elementor-id=\"3696\" class=\"elementor elementor-3696\">\n\t\t\t\t\t\t\t\t\t<section class=\"elementor-section elementor-top-section elementor-element elementor-element-321474c4 elementor-section-boxed elementor-section-height-default elementor-section-height-default\" data-id=\"321474c4\" data-element_type=\"section\" data-settings=\"{&quot;background_background&quot;:&quot;classic&quot;}\">\n\t\t\t\t\t\t\t<div class=\"elementor-background-overlay\"><\/div>\n\t\t\t\t\t\t\t<div class=\"elementor-container elementor-column-gap-default\">\n\t\t\t\t\t<div class=\"elementor-column elementor-col-100 elementor-top-column elementor-element elementor-element-7851894d\" data-id=\"7851894d\" data-element_type=\"column\">\n\t\t\t<div class=\"elementor-widget-wrap elementor-element-populated\">\n\t\t\t\t\t\t\t\t<div class=\"elementor-element elementor-element-c2bf9ea elementor-nav-menu__align-center elementor-nav-menu--indicator-none elementor-nav-menu--dropdown-none elementor-widget elementor-widget-nav-menu\" data-id=\"c2bf9ea\" data-element_type=\"widget\" data-settings=\"{&quot;layout&quot;:&quot;horizontal&quot;}\" data-widget_type=\"nav-menu.default\">\n\t\t\t\t<div class=\"elementor-widget-container\">\n\t\t\t\t\t\t<nav role=\"navigation\" class=\"elementor-nav-menu--main elementor-nav-menu__container elementor-nav-menu--layout-horizontal e--pointer-none\"><ul id=\"menu-1-c2bf9ea\" class=\"elementor-nav-menu\"><li class=\"menu-item menu-item-type-post_type menu-item-object-page menu-item-3696\"><a href=\"https:\/\/udvarhelyiwaldorf.ro\/ovodarol\/\" class=\"elementor-item menu-link\">Despre gr\u0103dini\u021b\u0103<\/a><\/li>\n<\/ul><\/nav>\n\t\t\t\t\t<div class=\"elementor-menu-toggle\" role=\"button\" tabindex=\"0\" aria-label=\"Menu Toggle\" aria-expanded=\"false\">\n\t\t\t<i class=\"eicon-menu-bar\" aria-hidden=\"true\"><\/i>\n\t\t\t<span class=\"elementor-screen-only\">Menu<\/span>\n\t\t<\/div>\n\t\t\t<nav class=\"elementor-nav-menu--dropdown elementor-nav-menu__container\" role=\"navigation\" aria-hidden=\"true\"><ul id=\"menu-2-c2bf9ea\" class=\"elementor-nav-menu\"><li class=\"menu-item menu-item-type-post_type menu-item-object-page menu-item-3696\"><a href=\"https:\/\/udvarhelyiwaldorf.ro\/ovodarol\/\" class=\"elementor-item menu-link\">Despre gr\u0103dini\u021b\u0103<\/a><\/li>\n<\/ul><\/nav>\n\t\t\t\t<\/div>\n\t\t\t\t<\/div>\n\t\t\t\t\t<\/div>\n\t\t<\/div>\n\t\t\t\t\t\t\t<\/div>\n\t\t<\/section>\n\t\t\t\t<section class=\"elementor-section elementor-top-section elementor-element elementor-element-59cf6c31 elementor-section-boxed elementor-section-height-default elementor-section-height-default\" data-id=\"59cf6c31\" data-element_type=\"section\">\n\t\t\t\t\t\t<div class=\"elementor-container elementor-column-gap-default\">\n\t\t\t\t\t<div class=\"elementor-column elementor-col-100 elementor-top-column elementor-element elementor-element-6ebbbdd\" data-id=\"6ebbbdd\" data-element_type=\"column\">\n\t\t\t<div class=\"elementor-widget-wrap elementor-element-populated\">\n\t\t\t\t\t\t\t\t<section class=\"elementor-section elementor-inner-section elementor-element elementor-element-23a23c29 elementor-section-boxed elementor-section-height-default elementor-section-height-default\" data-id=\"23a23c29\" data-element_type=\"section\">\n\t\t\t\t\t\t<div class=\"elementor-container elementor-column-gap-default\">\n\t\t\t\t\t<div class=\"elementor-column elementor-col-50 elementor-inner-column elementor-element elementor-element-52960bce\" data-id=\"52960bce\" data-element_type=\"column\">\n\t\t\t<div class=\"elementor-widget-wrap elementor-element-populated\">\n\t\t\t\t\t\t\t\t<div class=\"elementor-element elementor-element-752dcf2e elementor-widget elementor-widget-image\" data-id=\"752dcf2e\" data-element_type=\"widget\" data-widget_type=\"image.default\">\n\t\t\t\t<div class=\"elementor-widget-container\">\n\t\t\t<style>\/*! elementor - v3.6.5 - 27-04-2022 *\/\n.elementor-widget-image{text-align:center}.elementor-widget-image a{display:inline-block}.elementor-widget-image a img[src$=\".svg\"]{width:48px}.elementor-widget-image img{vertical-align:middle;display:inline-block}<\/style>\t\t\t\t\t\t\t\t\t\t\t\t<img loading=\"lazy\" decoding=\"async\" width=\"196\" height=\"7\" src=\"https:\/\/udvarhelyiwaldorf.ro\/wp-content\/uploads\/2022\/04\/Background.png\" class=\"attachment-large size-large\" alt=\"\" \/>\t\t\t\t\t\t\t\t\t\t\t\t\t\t\t<\/div>\n\t\t\t\t<\/div>\n\t\t\t\t<div class=\"elementor-element elementor-element-58d76e08 elementor-widget elementor-widget-heading\" data-id=\"58d76e08\" data-element_type=\"widget\" data-widget_type=\"heading.default\">\n\t\t\t\t<div class=\"elementor-widget-container\">\n\t\t\t<style>\/*! elementor - v3.6.5 - 27-04-2022 *\/\n.elementor-heading-title{padding:0;margin:0;line-height:1}.elementor-widget-heading .elementor-heading-title[class*=elementor-size-]>a{color:inherit;font-size:inherit;line-height:inherit}.elementor-widget-heading .elementor-heading-title.elementor-size-small{font-size:15px}.elementor-widget-heading .elementor-heading-title.elementor-size-medium{font-size:19px}.elementor-widget-heading .elementor-heading-title.elementor-size-large{font-size:29px}.elementor-widget-heading .elementor-heading-title.elementor-size-xl{font-size:39px}.elementor-widget-heading .elementor-heading-title.elementor-size-xxl{font-size:59px}<\/style><h2 class=\"elementor-heading-title elementor-size-default\">Despre gr\u0103dini\u021b\u0103<\/h2>\t\t<\/div>\n\t\t\t\t<\/div>\n\t\t\t\t<div class=\"elementor-element elementor-element-518d873f elementor-widget elementor-widget-text-editor\" data-id=\"518d873f\" data-element_type=\"widget\" data-widget_type=\"text-editor.default\">\n\t\t\t\t<div class=\"elementor-widget-container\">\n\t\t\t<style>\/*! elementor - v3.6.5 - 27-04-2022 *\/\n.elementor-widget-text-editor.elementor-drop-cap-view-stacked .elementor-drop-cap{background-color:#818a91;color:#fff}.elementor-widget-text-editor.elementor-drop-cap-view-framed .elementor-drop-cap{color:#818a91;border:3px solid;background-color:transparent}.elementor-widget-text-editor:not(.elementor-drop-cap-view-default) .elementor-drop-cap{margin-top:8px}.elementor-widget-text-editor:not(.elementor-drop-cap-view-default) .elementor-drop-cap-letter{width:1em;height:1em}.elementor-widget-text-editor .elementor-drop-cap{float:left;text-align:center;line-height:1;font-size:50px}.elementor-widget-text-editor .elementor-drop-cap-letter{display:inline-block}<\/style>\t\t\t\t<p>\u00cen 2014, c\u00e2\u021biva oameni entuziasma\u021bi de educa\u021bia Waldorf s-au \u00eent\u00e2lnit, s-au a\u0219ezat \u00een trenule\u021bul de lemn&nbsp; din parcul ora\u0219ului&nbsp; \u0219i au decis c\u0103, dac\u0103 to\u021bi c\u0103l\u0103torim pe aceea\u0219i cale, atunci poate este posibil s\u0103 \u00eenfiin\u021b\u0103m o gr\u0103dini\u021b\u0103 sau&nbsp; o \u0219coal\u0103 Waldorf \u00een Odorheiu Secuiesc. De\u0219i au mai existat \u00eencerc\u0103ri \u00eenainte, se pare c\u0103 a venit momentul pentru toate. Micul germene (ideea) a \u00eenceput s\u0103 se dezvolte: am organizat conferin\u021be despre educa\u021bia Waldorf, am fondat Asocia\u021bia Kerekerd\u0151 Waldorf Egyes\u00fclet, mai t\u00e2rziu a \u00eenceput un mic grup pentru m\u0103mici \u0219i copii, cu o frecven\u021b\u0103 s\u0103pt\u0103m\u00e2nal\u0103. \u00cen acel moment deja din ce \u00een ce mai mul\u021bi dintre noi visau \u0219i t\u00e2njeau.<br><br>\u00cen cele din urm\u0103, prima grup\u0103 ini\u0163ial\u0103 a fost g\u0103zduit\u0103 de Gr\u0103dini\u0163a Kipi-Kopi.&nbsp; \u00cen 2017, \u00een cl\u0103direa de pe strada Term\u00e9s, sub castanii umbro\u0219i &#8211; cu sprijinul institu\u021biei gazd\u0103&nbsp; \u0219i ca urmare a unei comunit\u0103\u021bi numeroase de p\u0103rin\u021bi, precum \u0219i a lucr\u0103rilor de renovare care s-au prelungit p\u00e2n\u0103 noaptea &#8211; a \u00eenceput prima grup\u0103 de gr\u0103dini\u021b\u0103 Waldorf (program prelungit, de la 8 la 17) din Odorheiu Secuiesc, condus\u0103 de educatori Bor\u00f3ka-Gy\u00f6rgyi Szilveszter-Berei \u0219i Szer\u00e9nke D\u00e9nes.<br><br>De asemenea, a fost reluat \u0219i grupul de mame de copii, iar cererea pentru aceast\u0103 metod\u0103 pedagogic\u0103 pare s\u0103 fie \u00een cre\u0219tere. A devenit evident c\u0103 trebuiau \u00eenfiin\u021bate noi grupe de gr\u0103dini\u021b\u0103, a\u0219a c\u0103, doi ani mai t\u00e2rziu, \u00een 2019, anul centenarului educa\u021biei Waldorf,&nbsp; a fost \u00eenfiin\u021bat\u0103 o alt\u0103 grup\u0103 de gr\u0103dini\u021b\u0103 (cu un program mai scurt, de la 8 la 13 ore), de data aceasta cu \u00c1gnes Melinda Lad\u00f3, alias Pinty\u0151. \u00cen acela\u0219i an, Szer\u00e9nke D\u00e9nes a devenit profesor \u015fcolar \u0219i a fost \u00eenlocuit&nbsp; de R\u00e9ka Bodn\u00e1r-Fl\u00f3ri\u00e1n.<br><br>\u00cen 2020, \u00een ciuda vremurilor dificile ale pandemiei, a \u00eenceput a treia grup\u0103 de gr\u0103dini\u021b\u0103 cu Andrea B\u00edr\u00f3, educatoare Waldorf. Astfel, avem grupurile B\u00f3bita, Pitypang \u0219i Pipacs, fiecare cu 20-22 de copii \u00eentre v\u00e2rstele 3-6 ani.<\/p>\t\t\t\t\t\t<\/div>\n\t\t\t\t<\/div>\n\t\t\t\t\t<\/div>\n\t\t<\/div>\n\t\t\t\t<div class=\"elementor-column elementor-col-50 elementor-inner-column elementor-element elementor-element-6e2dc88c\" data-id=\"6e2dc88c\" data-element_type=\"column\">\n\t\t\t<div class=\"elementor-widget-wrap elementor-element-populated\">\n\t\t\t\t\t\t\t\t<div class=\"elementor-element elementor-element-3b947652 elementor-widget elementor-widget-image\" data-id=\"3b947652\" data-element_type=\"widget\" data-widget_type=\"image.default\">\n\t\t\t\t<div class=\"elementor-widget-container\">\n\t\t\t\t\t\t\t\t\t\t\t\t\t\t\t<img loading=\"lazy\" decoding=\"async\" width=\"321\" height=\"298\" src=\"https:\/\/udvarhelyiwaldorf.ro\/wp-content\/uploads\/2022\/04\/ovono-tanito-keret.png\" class=\"attachment-medium_large size-medium_large\" alt=\"\" srcset=\"https:\/\/udvarhelyiwaldorf.ro\/wp-content\/uploads\/2022\/04\/ovono-tanito-keret.png 321w, https:\/\/udvarhelyiwaldorf.ro\/wp-content\/uploads\/2022\/04\/ovono-tanito-keret-300x279.png 300w\" sizes=\"auto, (max-width: 321px) 100vw, 321px\" \/>\t\t\t\t\t\t\t\t\t\t\t\t\t\t\t<\/div>\n\t\t\t\t<\/div>\n\t\t\t\t<div class=\"elementor-element elementor-element-ebb6120 elementor-widget elementor-widget-image\" data-id=\"ebb6120\" data-element_type=\"widget\" data-widget_type=\"image.default\">\n\t\t\t\t<div class=\"elementor-widget-container\">\n\t\t\t\t\t\t\t\t\t\t\t\t\t\t\t<img loading=\"lazy\" decoding=\"async\" width=\"321\" height=\"298\" src=\"https:\/\/udvarhelyiwaldorf.ro\/wp-content\/uploads\/2022\/04\/ovono-tanito-keret.png\" class=\"attachment-medium_large size-medium_large\" alt=\"\" srcset=\"https:\/\/udvarhelyiwaldorf.ro\/wp-content\/uploads\/2022\/04\/ovono-tanito-keret.png 321w, https:\/\/udvarhelyiwaldorf.ro\/wp-content\/uploads\/2022\/04\/ovono-tanito-keret-300x279.png 300w\" sizes=\"auto, (max-width: 321px) 100vw, 321px\" \/>\t\t\t\t\t\t\t\t\t\t\t\t\t\t\t<\/div>\n\t\t\t\t<\/div>\n\t\t\t\t\t<\/div>\n\t\t<\/div>\n\t\t\t\t\t\t\t<\/div>\n\t\t<\/section>\n\t\t\t\t\t<\/div>\n\t\t<\/div>\n\t\t\t\t\t\t\t<\/div>\n\t\t<\/section>\n\t\t\t\t\t\t\t<\/div>\n\t\t","protected":false},"excerpt":{"rendered":"<p>Despre gr\u0103dini\u021b\u0103 \u00cen 2014, c\u00e2\u021biva oameni entuziasma\u021bi de educa\u021bia Waldorf s-au \u00eent\u00e2lnit, s-au a\u0219ezat \u00een trenule\u021bul de lemn&nbsp; din parcul ora\u0219ului&nbsp; \u0219i au decis c\u0103, dac\u0103 to\u021bi c\u0103l\u0103torim pe aceea\u0219i cale, atunci poate este posibil s\u0103 \u00eenfiin\u021b\u0103m o gr\u0103dini\u021b\u0103 sau&nbsp; o \u0219coal\u0103 Waldorf \u00een Odorheiu Secuiesc. De\u0219i au mai existat \u00eencerc\u0103ri \u00eenainte, se pare c\u0103 &hellip;<\/p>\n<p class=\"read-more\"> <a class=\"\" href=\"https:\/\/udvarhelyiwaldorf.ro\/ro\/despre-gradinita\/\"> <span class=\"screen-reader-text\">Despre gr\u0103dini\u021b\u0103<\/span> Read More &raquo;<\/a><\/p>\n","protected":false},"author":2,"featured_media":0,"parent":0,"menu_order":0,"comment_status":"closed","ping_status":"closed","template":"","meta":{"site-sidebar-layout":"no-sidebar","site-content-layout":"page-builder","ast-main-header-display":"","ast-hfb-above-header-display":"","ast-hfb-below-header-display":"","ast-hfb-mobile-header-display":"","site-post-title":"disabled","ast-breadcrumbs-content":"","ast-featured-img":"disabled","footer-sml-layout":"","theme-transparent-header-meta":"","adv-header-id-meta":"","stick-header-meta":"","header-above-stick-meta":"","header-main-stick-meta":"","header-below-stick-meta":"","footnotes":""},"class_list":["post-3696","page","type-page","status-publish","hentry"],"_links":{"self":[{"href":"https:\/\/udvarhelyiwaldorf.ro\/ro\/wp-json\/wp\/v2\/pages\/3696","targetHints":{"allow":["GET"]}}],"collection":[{"href":"https:\/\/udvarhelyiwaldorf.ro\/ro\/wp-json\/wp\/v2\/pages"}],"about":[{"href":"https:\/\/udvarhelyiwaldorf.ro\/ro\/wp-json\/wp\/v2\/types\/page"}],"author":[{"embeddable":true,"href":"https:\/\/udvarhelyiwaldorf.ro\/ro\/wp-json\/wp\/v2\/users\/2"}],"replies":[{"embeddable":true,"href":"https:\/\/udvarhelyiwaldorf.ro\/ro\/wp-json\/wp\/v2\/comments?post=3696"}],"version-history":[{"count":3,"href":"https:\/\/udvarhelyiwaldorf.ro\/ro\/wp-json\/wp\/v2\/pages\/3696\/revisions"}],"predecessor-version":[{"id":3699,"href":"https:\/\/udvarhelyiwaldorf.ro\/ro\/wp-json\/wp\/v2\/pages\/3696\/revisions\/3699"}],"wp:attachment":[{"href":"https:\/\/udvarhelyiwaldorf.ro\/ro\/wp-json\/wp\/v2\/media?parent=3696"}],"curies":[{"name":"wp","href":"https:\/\/api.w.org\/{rel}","templated":true}]}}